{"id":70,"date":"2025-05-14T21:03:19","date_gmt":"2025-05-14T21:03:19","guid":{"rendered":"https:\/\/www.dexigma.com\/?page_id=70"},"modified":"2025-05-14T21:03:19","modified_gmt":"2025-05-14T21:03:19","slug":"hakkimizda","status":"publish","type":"page","link":"https:\/\/www.dexigma.com\/?page_id=70","title":{"rendered":"HAKKIMIZDA"},"content":{"rendered":"<div class=\"wp-block-group alignfull is-content-justification-center\" style=\"margin-top:0;margin-bottom:0;padding-top:calc( 0.5 * var(--wp--style--root--padding-right, var(--wp--custom--gap--horizontal)));padding-right:var(--wp--style--root--padding-right, var(--wp--custom--gap--horizontal));padding-bottom:calc( 0.5 * var(--wp--style--root--padding-right, var(--wp--custom--gap--horizontal)));padding-left:var(--wp--style--root--padding-left, var(--wp--custom--gap--horizontal))\"><div class=\"wp-block-group__inner-container is-layout-constrained wp-container-core-group-is-layout-b073b61b wp-block-group-is-layout-constrained\"><div style=\"height:calc( 0.25 * var(--wp--style--root--padding-right, var(--wp--custom--gap--horizontal)))\" aria-hidden=\"true\" class=\"wp-block-spacer\"><\/div>\n\n<div class=\"wp-block-columns alignwide is-layout-flex wp-container-core-columns-is-layout-6aa4370a wp-block-columns-is-layout-flex\"><div class=\"wp-block-column is-vertically-aligned-center is-content-justification-left is-layout-constrained wp-container-core-column-is-layout-1c92c9cf wp-block-column-is-layout-constrained\" style=\"flex-basis:40%\"><h2 class=\"wp-block-heading\">Biz kimiz<\/h2>\n\n<p>Hayat\u0131n karma\u015f\u0131k dokusunda gezinirken se\u00e7imler, s\u0131ra d\u0131\u015f\u0131 olana giden yollar\u0131 a\u00e7ar, ger\u00e7ekten tatmin edici bir yolculuk i\u00e7in yarat\u0131c\u0131l\u0131k, merak ve cesaret gerektirir.<\/p>\n\n<div class=\"wp-block-buttons is-layout-flex wp-block-buttons-is-layout-flex\"><div class=\"wp-block-button\"><a class=\"wp-block-button__link wp-element-button\">Ba\u015flang\u0131\u00e7<\/a><\/div><\/div><\/div>\n\n<div class=\"wp-block-column is-layout-flow wp-block-column-is-layout-flow\"><div class=\"wp-block-columns alignwide is-layout-flex wp-container-core-columns-is-layout-3cc86ecb wp-block-columns-is-layout-flex\"><div class=\"wp-block-column is-layout-flow wp-block-column-is-layout-flow\"><figure class=\"wp-block-image size-full is-style-default\"><img decoding=\"async\" src=\"https:\/\/www.dexigma.com\/wp-content\/plugins\/woocommerce\/assets\/images\/pattern-placeholders\/sun-glass-vase-green-ceramic-shelf.jpg\" alt=\"\" class=\"wp-image-13699\" style=\"aspect-ratio:1;object-fit:cover\"\/><\/figure>\n\n<figure class=\"wp-block-image size-full is-style-default\"><img decoding=\"async\" src=\"https:\/\/www.dexigma.com\/wp-content\/plugins\/woocommerce\/assets\/images\/pattern-placeholders\/white-vase-decoration-pattern-ceramic-lamp.jpg\" alt=\"\" class=\"wp-image-13707\" style=\"aspect-ratio:1;object-fit:cover\"\/><\/figure><\/div>\n\n<div class=\"wp-block-column is-layout-flow wp-block-column-is-layout-flow\"><figure class=\"wp-block-image size-full is-style-default\"><img decoding=\"async\" src=\"https:\/\/www.dexigma.com\/wp-content\/plugins\/woocommerce\/assets\/images\/pattern-placeholders\/plant-white-leaf-flower-vase-green.jpg\" alt=\"\" class=\"wp-image-13707\" style=\"aspect-ratio:1;object-fit:cover\"\/><\/figure>\n\n<figure class=\"wp-block-image size-full is-style-default\"><img decoding=\"async\" src=\"https:\/\/www.dexigma.com\/wp-content\/plugins\/woocommerce\/assets\/images\/pattern-placeholders\/tree-branch-plant-wood-leaf-flower.jpg\" alt=\"\" class=\"wp-image-13699\" style=\"aspect-ratio:1;object-fit:cover\"\/><\/figure><\/div><\/div><\/div><\/div>\n\n<div style=\"height:calc( 0.25 * var(--wp--style--root--padding-right, var(--wp--custom--gap--horizontal)))\" aria-hidden=\"true\" class=\"wp-block-spacer\"><\/div><\/div><\/div>","protected":false},"excerpt":{"rendered":"<p>Biz kimiz Hayat\u0131n karma\u015f\u0131k dokusunda gezinirken se\u00e7imler, s\u0131ra d\u0131\u015f\u0131 olana giden yollar\u0131 a\u00e7ar, ger\u00e7ekten tatmin edici bir yolculuk i\u00e7in yarat\u0131c\u0131l\u0131k, merak ve cesaret gerektirir.<\/p>\n","protected":false},"author":1,"featured_media":0,"parent":0,"menu_order":0,"comment_status":"closed","ping_status":"closed","template":"","meta":{"footnotes":""},"class_list":["post-70","page","type-page","status-publish","hentry"],"_links":{"self":[{"href":"https:\/\/www.dexigma.com\/index.php?rest_route=\/wp\/v2\/pages\/70","targetHints":{"allow":["GET"]}}],"collection":[{"href":"https:\/\/www.dexigma.com\/index.php?rest_route=\/wp\/v2\/pages"}],"about":[{"href":"https:\/\/www.dexigma.com\/index.php?rest_route=\/wp\/v2\/types\/page"}],"author":[{"embeddable":true,"href":"https:\/\/www.dexigma.com\/index.php?rest_route=\/wp\/v2\/users\/1"}],"replies":[{"embeddable":true,"href":"https:\/\/www.dexigma.com\/index.php?rest_route=%2Fwp%2Fv2%2Fcomments&post=70"}],"version-history":[{"count":1,"href":"https:\/\/www.dexigma.com\/index.php?rest_route=\/wp\/v2\/pages\/70\/revisions"}],"predecessor-version":[{"id":71,"href":"https:\/\/www.dexigma.com\/index.php?rest_route=\/wp\/v2\/pages\/70\/revisions\/71"}],"wp:attachment":[{"href":"https:\/\/www.dexigma.com\/index.php?rest_route=%2Fwp%2Fv2%2Fmedia&parent=70"}],"curies":[{"name":"wp","href":"https:\/\/api.w.org\/{rel}","templated":true}]}}